{"id":3,"date":"2026-04-07T15:49:03","date_gmt":"2026-04-07T15:49:03","guid":{"rendered":"https:\/\/material3d.cloud\/?page_id=3"},"modified":"2026-04-08T08:56:24","modified_gmt":"2026-04-08T08:56:24","slug":"privacy-policy","status":"publish","type":"page","link":"https:\/\/material3d.cloud\/index.php\/privacy-policy\/","title":{"rendered":"Pol\u00edtica de privacidad"},"content":{"rendered":"\n<p>Recibimos, recopilamos y almacenamos cualquier informaci\u00f3n que ingrese en nuestro sitio web o nos proporciones de otra manera. Adem\u00e1s, recogemos la direcci\u00f3n de protocolo de Internet (IP) utilizada para conectar tu computadora a Internet; datos de inicio de sesi\u00f3n, direcci\u00f3n de correo electr\u00f3nico, contrase\u00f1a, informaci\u00f3n de la computadora y la conexi\u00f3n y el historial de compras. Podemos usar herramientas de software para medir y recopilar informaci\u00f3n de la sesi\u00f3n, incluidos los tiempos de respuesta de la p\u00e1gina, la duraci\u00f3n de las visitas a determinadas p\u00e1ginas, la informaci\u00f3n de interacci\u00f3n de la p\u00e1gina y los m\u00e9todos utilizados para navegar fuera de la p\u00e1gina. Tambi\u00e9n recopilamos informaci\u00f3n de identificaci\u00f3n personal (incluido nombres, correo electr\u00f3nico, contrase\u00f1a, comunicaciones), detalles de pago (incluida la informaci\u00f3n de la tarjeta de cr\u00e9dito), comentarios, sugerencias, rese\u00f1as de productos, recomendaciones y perfil personal.<\/p>\n\n\n\n<p><strong>\u00bfC\u00f3mo recopilamos informaci\u00f3n?<\/strong><\/p>\n\n\n\n<p>Cuando realizas una transacci\u00f3n en nuestra p\u00e1gina web, como parte del proceso, recopilamos informaci\u00f3n personal que nos proporcionas, como tu nombre, direcci\u00f3n f\u00edsica y direcci\u00f3n de correo electr\u00f3nico. Tu informaci\u00f3n personal ser\u00e1 utilizada solo para los motivos espec\u00edficos indicados anteriormente.<\/p>\n\n\n\n<p>Recopilamos dicha informaci\u00f3n personal y no personal para los siguientes prop\u00f3sitos:<br>1. Para proporcionar y operar los servicios;<br>2. Para proporcionar a nuestros usuarios asistencia continua al cliente y soporte t\u00e9cnico;<br>3. Para poder contactar a nuestros visitantes y usuarios con avisos generales y personalizados relacionados con el servicio y mensajes promocionales;<br>4. Para crear datos estad\u00edsticos agregados y otra informaci\u00f3n no personal agregada o deducida, que nosotros o nuestros socios comerciales podamos utilizar para proporcionar y mejorar nuestros servicios respectivos;<br>5. Para cumplir con las leyes y regulaciones aplicables.<\/p>\n\n\n\n<p><strong>\u00bfC\u00f3mo nos comunicamos con los visitantes?<\/strong><\/p>\n\n\n\n<p>Podemos comunicarnos contigo para notificarte sobre tu cuenta, para solucionar problemas con tu cuenta, resolver una disputa, cobrar tarifas o dinero adeudado, para sondear tus opiniones a trav\u00e9s de encuestas o cuestionarios, para enviar actualizaciones sobre nuestros productos, o cuando sea necesario para contactarte para hacer cumplir nuestro Acuerdo de usuario, las leyes nacionales aplicables y cualquier acuerdo que podamos tener contigo. A estos efectos, podemos comunicarnos contigo por correo electr\u00f3nico, tel\u00e9fono, mensajes de texto y correo postal.<\/p>\n\n\n\n<p><strong>Actualizaciones de pol\u00edtica de privacidad<\/strong><\/p>\n\n\n\n<p>Nos reservamos el derecho de modificar esta pol\u00edtica de privacidad en cualquier momento, por lo tanto, rev\u00edsela con frecuencia. Los cambios y aclaraciones tendr\u00e1n efecto inmediatamente despu\u00e9s de su publicaci\u00f3n en la p\u00e1gina web. Si realizamos cambios sustanciales a esta pol\u00edtica, te notificaremos que se ha actualizado, para que sepas qu\u00e9 informaci\u00f3n recopilamos, c\u00f3mo la usamos y en qu\u00e9 circunstancias, si corresponde, usamos o divulgamos la informaci\u00f3n.<\/p>\n\n\n\n<p>Si deseas: acceder, corregir, modificar o eliminar cualquier informaci\u00f3n personal que tengamos sobre ti, est\u00e1s invitado a contactarnos en info@material3d.cloud<\/p>\n","protected":false},"excerpt":{"rendered":"<p>Recibimos, recopilamos y almacenamos cualquier informaci\u00f3n que ingrese en nuestro sitio web o nos proporciones de otra manera. Adem\u00e1s, recogemos la direcci\u00f3n de protocolo de Internet (IP) utilizada para conectar tu computadora a Internet; datos de inicio de sesi\u00f3n, direcci\u00f3n de correo electr\u00f3nico, contrase\u00f1a, informaci\u00f3n de la computadora y la conexi\u00f3n y el historial de&#8230;<\/p>\n","protected":false},"author":1,"featured_media":0,"parent":0,"menu_order":0,"comment_status":"closed","ping_status":"open","template":"","meta":{"_kadence_starter_templates_imported_post":false,"_kad_post_transparent":"","_kad_post_title":"","_kad_post_layout":"","_kad_post_sidebar_id":"","_kad_post_content_style":"","_kad_post_vertical_padding":"","_kad_post_feature":"","_kad_post_feature_position":"","_kad_post_header":false,"_kad_post_footer":false,"_kad_post_classname":"","footnotes":""},"class_list":["post-3","page","type-page","status-publish","hentry"],"_links":{"self":[{"href":"https:\/\/material3d.cloud\/index.php\/wp-json\/wp\/v2\/pages\/3","targetHints":{"allow":["GET"]}}],"collection":[{"href":"https:\/\/material3d.cloud\/index.php\/wp-json\/wp\/v2\/pages"}],"about":[{"href":"https:\/\/material3d.cloud\/index.php\/wp-json\/wp\/v2\/types\/page"}],"author":[{"embeddable":true,"href":"https:\/\/material3d.cloud\/index.php\/wp-json\/wp\/v2\/users\/1"}],"replies":[{"embeddable":true,"href":"https:\/\/material3d.cloud\/index.php\/wp-json\/wp\/v2\/comments?post=3"}],"version-history":[{"count":1,"href":"https:\/\/material3d.cloud\/index.php\/wp-json\/wp\/v2\/pages\/3\/revisions"}],"predecessor-version":[{"id":39,"href":"https:\/\/material3d.cloud\/index.php\/wp-json\/wp\/v2\/pages\/3\/revisions\/39"}],"wp:attachment":[{"href":"https:\/\/material3d.cloud\/index.php\/wp-json\/wp\/v2\/media?parent=3"}],"curies":[{"name":"wp","href":"https:\/\/api.w.org\/{rel}","templated":true}]}}